{"id":100,"date":"2013-04-07T16:09:13","date_gmt":"2013-04-07T14:09:13","guid":{"rendered":"http:\/\/wolfgang-desktop\/wordpress\/?page_id=100"},"modified":"2014-09-25T11:04:20","modified_gmt":"2014-09-25T09:04:20","slug":"huttentour-wilderswill","status":"publish","type":"page","link":"http:\/\/katjaundwolfgang.de\/?page_id=100","title":{"rendered":"H\u00fcttentour Wilderswil"},"content":{"rendered":"<p>Unsere\u00a0H\u00fcttentour\u00a0im Sommer 2012 gemeinsam mit Susanne, Micha und Reinhold, Start und Ziel Wilderswil (Switzerland)<\/p>\n<p><a title=\"Google Earth Track\" href=\"https:\/\/docs.google.com\/file\/d\/0B4n7xB3hMA8RZEE1Ty01N0JOSjQ\/edit?usp=sharing\" target=\"_blank\">Hier\u00a0<\/a>unsere Tour, gerne auch zum nachlaufen bzw. als Anregung.<\/p>\n<p>Wir hatten auf jeden Fall sehr viel Spa\u00df dabei und es war f\u00fcr uns die richtige Mischung aus H\u00f6henmetern, Entfernung, urigen Unterk\u00fcnften, Entspannung und Landschaft. Zum Teil sind Varianten m\u00f6glich, da wir ja nie wussten ob das Wetter mitspielt und unsere Kondition gut genug ist.<\/p>\n<p><strong>1. Etappe: Wilderswil (604m) &#8211; Lobhornh\u00fctte (1954m)<\/strong><br \/>\nBus von Wilderswil Hotel Heimat nach Wilderswil Stutz, 9.1km &gt; 1110 hm Aufstieg \/ 250 hm Abstieg &gt;\u00a0ca.\u00a05.75h<\/p>\n<p><strong>2. Etappe: Lobhornh\u00fctte (1954m) &#8211; Schilthornh\u00fctte (2435m)<\/strong><\/p>\n<p>V1: 13km &gt; 1466 hm Aufstieg \/ 975 hm Abstieg &gt; ca. 6-7h (laut Wanderf\u00fchrer 5.5h)<br \/>\nV2: 11.6km &gt; 980 hm Aufstieg \/ 501 hm Abstieg &gt; ca. 5h<\/p>\n<p><strong>3. Etappe: Schilthornh\u00fctte (2435m) &#8211; Gspaltenhornh\u00fctte (2410m)<\/strong><br \/>\n11.4km &gt; 1000 hm Aufstieg \/ 980 hm Abstieg &gt; ca. 5.5h<\/p>\n<p><strong>4. Etappe: Gspaltenhornh\u00fctte (2410m) &#8211; Pochtenalp (1360m)<\/strong><br \/>\n9km &gt; 420 hm Aufstieg \/ 1518 hm Abstieg &gt; ca. 4.5h<\/p>\n<p><strong>5. Etappe: Pochtenalp (1360m) &#8211; Sennh\u00fctte Mittelberg (1575m)<\/strong><br \/>\n13km &gt; 1200 hm Aufstieg \/ 990 hm Abstieg &gt; ca. 6h<br \/>\nDie Sennh\u00fctte Mittelberg wird von einer sehr netten Besitzerin gef\u00fchrt der wir auch beim k\u00e4sen mal kurz \u00fcber die Schulter schauen durften. Geschlafen haben wir auf dem Dachboden des Stalls (Die Tiere waren auf der Alp) inkl. Gespenst \ud83d\ude42<\/p>\n<p><strong>6. Etappe: Sennh\u00fctte Mittelberg (1575m) &#8211; Morgenberghorn &#8211; Sennh\u00fctte Mittelberg<\/strong><br \/>\nV1: 9.8km &gt; 1170 hm Aufstieg \/ 1170 hm Abstieg &gt; ca. 5.5h<br \/>\nV2: 0km &gt; 0 hm Aufstieg \/ 0 hm Abstieg &gt; ca. den ganzen Tag<br \/>\nEndlich w\u00e4re mal ein Ruhetag m\u00f6glich gewesen aber alle wollten das Morgenberghorn erklimmen<\/p>\n<p><strong>7. Etappe: Sennh\u00fctte Mittelberg (1575m) &#8211; Wilderswil (604m)<\/strong><br \/>\n12.3km &gt; 545 hm Aufstieg \/ 1516 hm Abstieg &gt; ca. 5h<\/p>\n<p>Nach 7 Tagen sind wir alle wieder gesund und gl\u00fccklich und voller Eindr\u00fccke in Wilderswil angekommen. Und die n\u00e4chste Tour kommt bestimmt.<\/p>\n<p>&#8222;Gallery 5 fehlt&#8220;<\/p>\n","protected":false},"excerpt":{"rendered":"<p>Unsere\u00a0H\u00fcttentour\u00a0im Sommer 2012 gemeinsam mit Susanne, Micha und Reinhold, Start und Ziel Wilderswil (Switzerland) Hier\u00a0unsere Tour, gerne auch zum nachlaufen bzw. als Anregung. Wir hatten auf jeden Fall sehr viel Spa\u00df dabei und es war f\u00fcr uns die richtige Mischung aus H\u00f6henmetern, Entfernung, urigen Unterk\u00fcnften, Entspannung und Landschaft. Zum Teil sind Varianten m\u00f6glich, da wir [&hellip;]<\/p>\n","protected":false},"author":1,"featured_media":180,"parent":30,"menu_order":0,"comment_status":"open","ping_status":"closed","template":"sidebar-page.php","meta":{"footnotes":""},"_links":{"self":[{"href":"http:\/\/katjaundwolfgang.de\/index.php?rest_route=\/wp\/v2\/pages\/100"}],"collection":[{"href":"http:\/\/katjaundwolfgang.de\/index.php?rest_route=\/wp\/v2\/pages"}],"about":[{"href":"http:\/\/katjaundwolfgang.de\/index.php?rest_route=\/wp\/v2\/types\/page"}],"author":[{"embeddable":true,"href":"http:\/\/katjaundwolfgang.de\/index.php?rest_route=\/wp\/v2\/users\/1"}],"replies":[{"embeddable":true,"href":"http:\/\/katjaundwolfgang.de\/index.php?rest_route=%2Fwp%2Fv2%2Fcomments&post=100"}],"version-history":[{"count":11,"href":"http:\/\/katjaundwolfgang.de\/index.php?rest_route=\/wp\/v2\/pages\/100\/revisions"}],"predecessor-version":[{"id":439,"href":"http:\/\/katjaundwolfgang.de\/index.php?rest_route=\/wp\/v2\/pages\/100\/revisions\/439"}],"up":[{"embeddable":true,"href":"http:\/\/katjaundwolfgang.de\/index.php?rest_route=\/wp\/v2\/pages\/30"}],"wp:featuredmedia":[{"embeddable":true,"href":"http:\/\/katjaundwolfgang.de\/index.php?rest_route=\/"}],"wp:attachment":[{"href":"http:\/\/katjaundwolfgang.de\/index.php?rest_route=%2Fwp%2Fv2%2Fmedia&parent=100"}],"curies":[{"name":"wp","href":"https:\/\/api.w.org\/{rel}","templated":true}]}}