{"id":133,"date":"2013-04-07T21:46:59","date_gmt":"2013-04-07T19:46:59","guid":{"rendered":"http:\/\/wolfgang-desktop\/wordpress\/?page_id=133"},"modified":"2014-09-25T11:03:41","modified_gmt":"2014-09-25T09:03:41","slug":"eiger-via-mittellegigrat","status":"publish","type":"page","link":"http:\/\/katjaundwolfgang.de\/?page_id=133","title":{"rendered":"Eiger via Mittellegigrat"},"content":{"rendered":"<p>Es war also endlich soweit. Ich konnte es noch gar nicht richtig glauben. Als Dimitri eineinhalb Jahre zuvor zu mir sagte, das w\u00e4re unsere n\u00e4chste Tour dachte ich noch er ver\u00e4ppelt mich. Aber ihm war es ernst und seit ich eine Doku \u00fcber den Mittellegigrat gesehen hatte, habe ich davon getr\u00e4umt einmal da oben zu stehen. Es war dann zwar nicht die n\u00e4chste Tour aber im Jahr drauf war es soweit. Die Touren vorher (Wildstrubel, Breithorn und Allalinhorn) waren perfekt um sich zu akklimatisieren. Und nach dem Allalinhorn ging es noch am gleichen Tag weiter Richtung Grindelwald und mit der Bahn Richtung Jungfraujoch. Da es schon Nachmittag war, waren wir die einzigen die an der Station Eismeer ausstiegen. Ich war ziemlich nerv\u00f6s, ob ich das \u00fcberhaupt schaffe? Also Klettergurt und Steigeisen an und dann noch die letzten Anweisungen von Dimitri: &#8222;Jetzt m\u00fcssen wir ein wenig Gas geben, hier ist Eisschlaggefahr. &#8220; Und los gings. Gleich am Anfang gab es eine Kletterstelle bei der ich ordentlich fluchte und schon kurz vorm aufgeben war. Aber Dimitri konnte mich damit beruhigen, dass das die Schl\u00fcsselstelle war und es klettertechnisch nicht schwieriger wird. Danach ging es mit flottem Tempo weiter. Statt der angepeilten 2 bis 2.5 h haben wir 1.5 h gebraucht und konnten so die Aussicht auf der Mittellegih\u00fctte noch etwas geniessen.<\/p>\n<p>Nach einer erstaunlich geruhsamen aber viel zu kurzen Nacht ging es weiter. Ich war froh als es endlich hell wurde, denn im Schein der Stirnlampe und noch mit steifen und m\u00fcden Gliedern zu klettern war nicht so ganz meins. Dann ging es aber gut voran und die Fixseile haben uns gute Dienste geleistet. Meine Angst wir w\u00fcrden im Stau stehen waren unbegr\u00fcndet, denn das Fr\u00fchst\u00fcck auf der H\u00fctte gibt es in Etappen und so sind immer nur einige Gruppen gemeinsam gestartet und man kam sich nicht in die Quere.<\/p>\n<p>Nach endlos erscheinenden Fixseilen waren wir dann endlich auf dem Gipfel. Geschafft! Oder doch nicht? Einerseits war ich total gl\u00fccklich da oben zu stehen andererseits hatte ich geh\u00f6rig Respekt vor dem Abstieg durch die Eigerl\u00f6cher. Wohl auch zu Recht den der Gipfel ist erst die halbe Tour. Im Abstieg hatte ich ordentlich mit mir zu k\u00e4mpfen mich noch zu konzentrieren denn auch hier musste immer mal wieder geklettert werden. Irgendwann waren wir unten und es ging nur noch zur M\u00f6nchsjochh\u00fctte und dann weiter zum Jungfraujoch. Der letzte Teil des Weges war mir vom Vorjahr bekannt und kam mir damals endlos vor. Nach den heutigen Strapazen fand ich es aber einen Klacks und konnte endlich entspannen. An der Jungfraubahn gab es dann f\u00fcr uns beide erst mal ein wohlverdientes Bier und ich war stolz wie Oskar das ich das geschafft hatte und das in 7.5h. Danke Dimitri!!!<\/p>\n<p>&#8222;Gallery 6 fehlt&#8220;<\/p>\n<p>&nbsp;<\/p>\n","protected":false},"excerpt":{"rendered":"<p>Es war also endlich soweit. Ich konnte es noch gar nicht richtig glauben. Als Dimitri eineinhalb Jahre zuvor zu mir sagte, das w\u00e4re unsere n\u00e4chste Tour dachte ich noch er ver\u00e4ppelt mich. Aber ihm war es ernst und seit ich eine Doku \u00fcber den Mittellegigrat gesehen hatte, habe ich davon getr\u00e4umt einmal da oben zu [&hellip;]<\/p>\n","protected":false},"author":3,"featured_media":0,"parent":32,"menu_order":2,"comment_status":"open","ping_status":"open","template":"sidebar-page.php","meta":{"footnotes":""},"_links":{"self":[{"href":"http:\/\/katjaundwolfgang.de\/index.php?rest_route=\/wp\/v2\/pages\/133"}],"collection":[{"href":"http:\/\/katjaundwolfgang.de\/index.php?rest_route=\/wp\/v2\/pages"}],"about":[{"href":"http:\/\/katjaundwolfgang.de\/index.php?rest_route=\/wp\/v2\/types\/page"}],"author":[{"embeddable":true,"href":"http:\/\/katjaundwolfgang.de\/index.php?rest_route=\/wp\/v2\/users\/3"}],"replies":[{"embeddable":true,"href":"http:\/\/katjaundwolfgang.de\/index.php?rest_route=%2Fwp%2Fv2%2Fcomments&post=133"}],"version-history":[{"count":5,"href":"http:\/\/katjaundwolfgang.de\/index.php?rest_route=\/wp\/v2\/pages\/133\/revisions"}],"predecessor-version":[{"id":436,"href":"http:\/\/katjaundwolfgang.de\/index.php?rest_route=\/wp\/v2\/pages\/133\/revisions\/436"}],"up":[{"embeddable":true,"href":"http:\/\/katjaundwolfgang.de\/index.php?rest_route=\/wp\/v2\/pages\/32"}],"wp:attachment":[{"href":"http:\/\/katjaundwolfgang.de\/index.php?rest_route=%2Fwp%2Fv2%2Fmedia&parent=133"}],"curies":[{"name":"wp","href":"https:\/\/api.w.org\/{rel}","templated":true}]}}