{"id":19,"date":"2013-03-02T09:07:47","date_gmt":"2013-03-02T09:07:47","guid":{"rendered":"http:\/\/katjaundwolfgang.wordpress.com\/?page_id=14"},"modified":"2024-03-18T10:28:41","modified_gmt":"2024-03-18T09:28:41","slug":"reisen","status":"publish","type":"page","link":"http:\/\/katjaundwolfgang.de\/?page_id=19","title":{"rendered":"Reisen"},"content":{"rendered":"<p><span style=\"font-size: 12px; letter-spacing: 0.1em; line-height: 2.6em;\">&#8222;ES IST EINE GEF\u00c4HRLICHE SACHE, AUS DEINER T\u00dcR HINAUS ZU GEHEN. DU BETRITTST DIE STRASSE UND WENN DU NICHT AUF DEINE F\u00dcSSE AUFPASST, KANN MAN NICHT WISSEN, WOHIN SIE DICH TRAGEN.&#8220; (BILBO BEUTLIN)<\/span><\/p>\n<p><a href=\"http:\/\/blog.katjaundwolfgang.de\/\"><img loading=\"lazy\" decoding=\"async\" class=\"alignnone size-full wp-image-390\" alt=\"Weltreise\" src=\"http:\/\/katjaundwolfgang.de\/wp-content\/uploads\/2013\/03\/weltkarte_header.jpg\" width=\"900\" height=\"200\" srcset=\"http:\/\/katjaundwolfgang.de\/wp-content\/uploads\/2013\/03\/weltkarte_header.jpg 900w, http:\/\/katjaundwolfgang.de\/wp-content\/uploads\/2013\/03\/weltkarte_header-300x66.jpg 300w, http:\/\/katjaundwolfgang.de\/wp-content\/uploads\/2013\/03\/weltkarte_header-500x111.jpg 500w\" sizes=\"(max-width: 900px) 100vw, 900px\" \/><\/a><\/p>\n<pre>                             Weltreise<\/pre>\n<p style=\"text-align: left;\">[singlepic id=107 w=900 h=200 float=left link=http\/\/katjaundwolfgang.de\/?page_id=32]<\/p>\n<pre style=\"text-align: center;\">Bergsteigen<\/pre>\n<p>[singlepic id=108 w=900 h=200 float=left link=http\/\/katjaundwolfgang.de\/?page_id=28]<\/p>\n<pre style=\"text-align: center;\">Skifahren<\/pre>\n<p>[singlepic id=109 w=900 h=200 float=left link=http\/\/katjaundwolfgang.de\/?page_id=30]<\/p>\n<pre style=\"text-align: center;\">Wandern<\/pre>\n<p>&nbsp;<\/p>\n","protected":false},"excerpt":{"rendered":"<p>&#8222;ES IST EINE GEF\u00c4HRLICHE SACHE, AUS DEINER T\u00dcR HINAUS ZU GEHEN. DU BETRITTST DIE STRASSE UND WENN DU NICHT AUF DEINE F\u00dcSSE AUFPASST, KANN MAN NICHT WISSEN, WOHIN SIE DICH TRAGEN.&#8220; (BILBO BEUTLIN) Weltreise [singlepic id=107 w=900 h=200 float=left link=http\/\/katjaundwolfgang.de\/?page_id=32] Bergsteigen [singlepic id=108 w=900 h=200 float=left link=http\/\/katjaundwolfgang.de\/?page_id=28] Skifahren [singlepic id=109 w=900 h=200 float=left link=http\/\/katjaundwolfgang.de\/?page_id=30] Wandern [&hellip;]<\/p>\n","protected":false},"author":2,"featured_media":0,"parent":0,"menu_order":0,"comment_status":"closed","ping_status":"open","template":"sidebar-page.php","meta":{"footnotes":""},"_links":{"self":[{"href":"http:\/\/katjaundwolfgang.de\/index.php?rest_route=\/wp\/v2\/pages\/19"}],"collection":[{"href":"http:\/\/katjaundwolfgang.de\/index.php?rest_route=\/wp\/v2\/pages"}],"about":[{"href":"http:\/\/katjaundwolfgang.de\/index.php?rest_route=\/wp\/v2\/types\/page"}],"author":[{"embeddable":true,"href":"http:\/\/katjaundwolfgang.de\/index.php?rest_route=\/wp\/v2\/users\/2"}],"replies":[{"embeddable":true,"href":"http:\/\/katjaundwolfgang.de\/index.php?rest_route=%2Fwp%2Fv2%2Fcomments&post=19"}],"version-history":[{"count":30,"href":"http:\/\/katjaundwolfgang.de\/index.php?rest_route=\/wp\/v2\/pages\/19\/revisions"}],"predecessor-version":[{"id":391,"href":"http:\/\/katjaundwolfgang.de\/index.php?rest_route=\/wp\/v2\/pages\/19\/revisions\/391"}],"wp:attachment":[{"href":"http:\/\/katjaundwolfgang.de\/index.php?rest_route=%2Fwp%2Fv2%2Fmedia&parent=19"}],"curies":[{"name":"wp","href":"https:\/\/api.w.org\/{rel}","templated":true}]}}