{"id":393,"date":"2013-08-15T11:07:05","date_gmt":"2013-08-15T09:07:05","guid":{"rendered":"http:\/\/katjaundwolfgang.de\/?page_id=393"},"modified":"2013-09-22T12:13:50","modified_gmt":"2013-09-22T10:13:50","slug":"weltreise","status":"publish","type":"page","link":"http:\/\/katjaundwolfgang.de\/?page_id=393","title":{"rendered":"Weltreise"},"content":{"rendered":"<p>Folge dem wei\u00dfen Kaninchen&#8230; \u00e4h gr\u00fcnen Frosch \ud83d\ude42<\/p>\n<p><a href=\"http:\/\/blog.katjaundwolfgang.de\/\" target=\"_blank\"><img loading=\"lazy\" decoding=\"async\" class=\"alignnone size-full wp-image-394\" alt=\"wei\u00dfe Kaninchen\" src=\"http:\/\/katjaundwolfgang.de\/wp-content\/uploads\/2013\/08\/wei\u00dfe-Kaninchen.jpg\" width=\"899\" height=\"387\" srcset=\"http:\/\/katjaundwolfgang.de\/wp-content\/uploads\/2013\/08\/wei\u00dfe-Kaninchen.jpg 899w, http:\/\/katjaundwolfgang.de\/wp-content\/uploads\/2013\/08\/wei\u00dfe-Kaninchen-300x129.jpg 300w, http:\/\/katjaundwolfgang.de\/wp-content\/uploads\/2013\/08\/wei\u00dfe-Kaninchen-500x215.jpg 500w\" sizes=\"(max-width: 899px) 100vw, 899px\" \/><\/a>klick aufs Bild<\/p>\n<p>&nbsp;<\/p>\n","protected":false},"excerpt":{"rendered":"<p>Folge dem wei\u00dfen Kaninchen&#8230; \u00e4h gr\u00fcnen Frosch \ud83d\ude42 klick aufs Bild &nbsp;<\/p>\n","protected":false},"author":3,"featured_media":0,"parent":19,"menu_order":0,"comment_status":"open","ping_status":"open","template":"","meta":{"footnotes":""},"_links":{"self":[{"href":"http:\/\/katjaundwolfgang.de\/index.php?rest_route=\/wp\/v2\/pages\/393"}],"collection":[{"href":"http:\/\/katjaundwolfgang.de\/index.php?rest_route=\/wp\/v2\/pages"}],"about":[{"href":"http:\/\/katjaundwolfgang.de\/index.php?rest_route=\/wp\/v2\/types\/page"}],"author":[{"embeddable":true,"href":"http:\/\/katjaundwolfgang.de\/index.php?rest_route=\/wp\/v2\/users\/3"}],"replies":[{"embeddable":true,"href":"http:\/\/katjaundwolfgang.de\/index.php?rest_route=%2Fwp%2Fv2%2Fcomments&post=393"}],"version-history":[{"count":4,"href":"http:\/\/katjaundwolfgang.de\/index.php?rest_route=\/wp\/v2\/pages\/393\/revisions"}],"predecessor-version":[{"id":413,"href":"http:\/\/katjaundwolfgang.de\/index.php?rest_route=\/wp\/v2\/pages\/393\/revisions\/413"}],"up":[{"embeddable":true,"href":"http:\/\/katjaundwolfgang.de\/index.php?rest_route=\/wp\/v2\/pages\/19"}],"wp:attachment":[{"href":"http:\/\/katjaundwolfgang.de\/index.php?rest_route=%2Fwp%2Fv2%2Fmedia&parent=393"}],"curies":[{"name":"wp","href":"https:\/\/api.w.org\/{rel}","templated":true}]}}