{"id":8,"date":"2013-03-02T08:45:19","date_gmt":"2013-03-02T08:45:19","guid":{"rendered":"http:\/\/katjaundwolfgang.wordpress.com\/?page_id=1"},"modified":"2013-05-01T17:39:33","modified_gmt":"2013-05-01T15:39:33","slug":"about","status":"publish","type":"page","link":"http:\/\/katjaundwolfgang.de\/?page_id=8","title":{"rendered":"About"},"content":{"rendered":"<p>\u00dcber uns<\/p>\n<p>Wir, das sind Wolfgang (Baujahr &#8217;67) und Katja (Baujahr &#8217;75).<\/p>\n<figure id=\"attachment_206\" aria-describedby=\"caption-attachment-206\" style=\"width: 248px\" class=\"wp-caption alignright\"><a href=\"http:\/\/katjaundwolfgang.de\/wp-content\/uploads\/2013\/05\/hochzeit_kl.jpg\"><img loading=\"lazy\" decoding=\"async\" class=\"size-full wp-image-206\" alt=\"Katja und Wolfgang im Jahr 2000\" src=\"http:\/\/katjaundwolfgang.de\/wp-content\/uploads\/2013\/05\/hochzeit_kl.jpg\" width=\"248\" height=\"263\" \/><\/a><figcaption id=\"caption-attachment-206\" class=\"wp-caption-text\">Katja und Wolfgang im Jahr 2000<\/figcaption><\/figure>\n<p>Bis jetzt haben wir (fast) alles so gemacht wie es sich f\u00fcr anst\u00e4ndige, vern\u00fcnftige Erwachsene geh\u00f6rt \ud83d\ude09<\/p>\n<p>Ausbildung\/ Studium, Hochzeit, 2 gute unbefristete Jobs, H\u00e4usle gebaut, Apfelb\u00e4umchen gepflanzt, f\u00fcr die Rente vorgesorgt&#8230;. und das solls gewesen sein????? Nein!!! Nun haben sich seid einiger Zeit 2 gro\u00dfe Tr\u00e4ume langsam aber merklich angeschlichen:<\/p>\n<p>1. Einen alten Bauernhof mit Freunden restaurieren, Ziegen z\u00fcchten, k\u00e4sen und, soweit es geht, als Selbstversorger leben<\/p>\n<p>2. Eine Weltreise f\u00fcr 1 Jahr<\/p>\n<p>Der Wunsch einer Weltreise hat wohl schon lange in uns geschwelt, ohne das wir es selbst so richtig gemerkt haben,\u00a0denn kaum hatten wir das Thema einmal angesprochen, haben wir auch schon angefangen zu planen und alle unn\u00f6tigen\u00a0Versicherungen und Abos zu k\u00fcndigen. Nun sind wir mitten in der Streckenplanung und st\u00e4ndig kommt ein neues Ziel hinzu oder ein anderes fliegt wieder raus.<br \/>\nGanz sch\u00f6n kompliziert&#8230; Bin mal gespannt was f\u00fcr eine Reise im Endeffekt herauskommt.<\/p>\n<figure id=\"attachment_207\" aria-describedby=\"caption-attachment-207\" style=\"width: 300px\" class=\"wp-caption aligncenter\"><a href=\"http:\/\/katjaundwolfgang.de\/wp-content\/uploads\/2013\/05\/Kreta.jpg\"><img loading=\"lazy\" decoding=\"async\" class=\"size-medium wp-image-207\" alt=\"Kein Kommentar :-)\" src=\"http:\/\/katjaundwolfgang.de\/wp-content\/uploads\/2013\/05\/Kreta-300x225.jpg\" width=\"300\" height=\"225\" \/><\/a><figcaption id=\"caption-attachment-207\" class=\"wp-caption-text\">Kein Kommentar \ud83d\ude42<\/figcaption><\/figure>\n","protected":false},"excerpt":{"rendered":"<p>\u00dcber uns Wir, das sind Wolfgang (Baujahr &#8217;67) und Katja (Baujahr &#8217;75). Bis jetzt haben wir (fast) alles so gemacht wie es sich f\u00fcr anst\u00e4ndige, vern\u00fcnftige Erwachsene geh\u00f6rt \ud83d\ude09 Ausbildung\/ Studium, Hochzeit, 2 gute unbefristete Jobs, H\u00e4usle gebaut, Apfelb\u00e4umchen gepflanzt, f\u00fcr die Rente vorgesorgt&#8230;. und das solls gewesen sein????? Nein!!! Nun haben sich seid einiger [&hellip;]<\/p>\n","protected":false},"author":2,"featured_media":0,"parent":0,"menu_order":2,"comment_status":"open","ping_status":"open","template":"sidebar-page.php","meta":{"footnotes":""},"_links":{"self":[{"href":"http:\/\/katjaundwolfgang.de\/index.php?rest_route=\/wp\/v2\/pages\/8"}],"collection":[{"href":"http:\/\/katjaundwolfgang.de\/index.php?rest_route=\/wp\/v2\/pages"}],"about":[{"href":"http:\/\/katjaundwolfgang.de\/index.php?rest_route=\/wp\/v2\/types\/page"}],"author":[{"embeddable":true,"href":"http:\/\/katjaundwolfgang.de\/index.php?rest_route=\/wp\/v2\/users\/2"}],"replies":[{"embeddable":true,"href":"http:\/\/katjaundwolfgang.de\/index.php?rest_route=%2Fwp%2Fv2%2Fcomments&post=8"}],"version-history":[{"count":2,"href":"http:\/\/katjaundwolfgang.de\/index.php?rest_route=\/wp\/v2\/pages\/8\/revisions"}],"predecessor-version":[{"id":366,"href":"http:\/\/katjaundwolfgang.de\/index.php?rest_route=\/wp\/v2\/pages\/8\/revisions\/366"}],"wp:attachment":[{"href":"http:\/\/katjaundwolfgang.de\/index.php?rest_route=%2Fwp%2Fv2%2Fmedia&parent=8"}],"curies":[{"name":"wp","href":"https:\/\/api.w.org\/{rel}","templated":true}]}}